{"id":1578,"date":"2014-10-24T17:58:19","date_gmt":"2014-10-24T15:58:19","guid":{"rendered":"http:\/\/cumplicidade.noblogs.org\/?page_id=1578"},"modified":"2014-10-24T17:58:19","modified_gmt":"2014-10-24T15:58:19","slug":"textos-e-livros-em-pdf","status":"publish","type":"page","link":"https:\/\/cumplicidade.noblogs.org\/?page_id=1578","title":{"rendered":"Textos e Livros em PDF"},"content":{"rendered":"<p><strong>Livros:<\/strong><\/p>\n<p><a href=\"http:\/\/undergrounzera.com\/esgurmitadodemarmitex\/wp-content\/uploads\/2014\/06\/Claudio-Lavazza-3-FINAL-DEFINITIVO.pdf\">Autobiografia de um irredutiv\u00e9l<\/a>: Claudio Lavazza.<\/p>\n<p><a href=\"http:\/\/publicacoes.midiatatica.info\/difusao\/Talvez-voce-seja-anarquista-e-nunca-soube-disso.pdf\">Talvez voc\u00ea seja anarquista e nunca soube disso<\/a>: Anonimos<\/p>\n<p><a href=\"http:\/\/paideia-br.blogspot.com\/2005\/10\/sobre-o-ebooksbrasil.html\">COMENT\u00c1RIOS SOBRE A SOCIEDADE DO ESPET\u00c1CULO<\/a>\u00a0&#8211; Guy Debord \u2013<\/p>\n<p><a href=\"http:\/\/www.reocities.com\/projetoperiferia4\/te.pdf\">DO TERRORISMO E DO ESTADO<\/a>\u00a0&#8211; A teoria e a pr\u00e1tica do terrorismo divulgadas pela primeira vez &#8211; Por &#8211; Gianfranco Sanguinetti<\/p>\n<p><a href=\"http:\/\/www.reocities.com\/projetoperiferia6\/abolicao.htm\">A ABOLI\u00c7\u00c3O DO TRABALHO<\/a>\u00a0-Bob Black<\/p>\n<p><strong>Textos<\/strong><\/p>\n<p><a href=\"https:\/\/we.riseup.net\/assets\/71612\/sasha-k-o-acto-insurreccional.pdf\">O ACTO INSURRECCIONAL E A AUTO-ORGANIZA\u00c7\u00c3O DA LUTA &#8211; Sasha K<\/a><\/p>\n<p><a href=\"https:\/\/we.riseup.net\/assets\/71616\/landstreicher-auto-organizacao-autonoma.pdf\">auto-organiza\u00e7\u00e3o aut\u00f3noma e interven\u00e7\u00e3o anarquista: uma tens\u00e3o na pr\u00e1tica (wolfi landstreicher)<\/a><\/p>\n<p><a href=\"http:\/\/www.mediafire.com\/download\/lmnymmjnzol\/Alfredo+Bonanno+-+O+Prazer+Armado.pdf\">O Prazer Armado<\/a>. Alfredo Bonano<\/p>\n<p>A<a href=\"https:\/\/we.riseup.net\/assets\/71610\/bonanno-a-tensao-anarquista.pdf\">A tens\u00e3o anarquista<\/a> Alfredo Bonano<\/p>\n<p><a href=\"https:\/\/fr.scribd.com\/doc\/88715312\/31tesesinsurreccionalistas\">31 teses insureccionalistas<\/a><\/p>\n<p><a href=\"http:\/\/www.4shared.com\/file\/63359066\/2a382188\/solidariedade_revolucionaria.html?dirPwdVerified=c8a63b80\">solidariedade Revolucionaria<\/a><\/p>\n<p><a href=\"https:\/\/we.riseup.net\/assets\/71613\/landstreicher-a-rede-de-dominacao.pdf\"> A rede da domina\u00e7\u00e3o-<\/a>Landstreicher<\/p>\n","protected":false},"excerpt":{"rendered":"<p>Livros: Autobiografia de um irredutiv\u00e9l: Claudio Lavazza. Talvez voc\u00ea seja anarquista e nunca soube disso: Anonimos COMENT\u00c1RIOS SOBRE A SOCIEDADE DO ESPET\u00c1CULO\u00a0&#8211; Guy Debord \u2013 DO TERRORISMO E DO ESTADO\u00a0&#8211; A teoria e a pr\u00e1tica do terrorismo divulgadas pela primeira &hellip; <a href=\"https:\/\/cumplicidade.noblogs.org\/?page_id=1578\">Continue reading <span class=\"meta-nav\">&rarr;<\/span><\/a><\/p>\n","protected":false},"author":6952,"featured_media":0,"parent":0,"menu_order":0,"comment_status":"open","ping_status":"open","template":"","meta":{"footnotes":""},"class_list":["post-1578","page","type-page","status-publish","hentry"],"_links":{"self":[{"href":"https:\/\/cumplicidade.noblogs.org\/index.php?rest_route=\/wp\/v2\/pages\/1578","targetHints":{"allow":["GET"]}}],"collection":[{"href":"https:\/\/cumplicidade.noblogs.org\/index.php?rest_route=\/wp\/v2\/pages"}],"about":[{"href":"https:\/\/cumplicidade.noblogs.org\/index.php?rest_route=\/wp\/v2\/types\/page"}],"author":[{"embeddable":true,"href":"https:\/\/cumplicidade.noblogs.org\/index.php?rest_route=\/wp\/v2\/users\/6952"}],"replies":[{"embeddable":true,"href":"https:\/\/cumplicidade.noblogs.org\/index.php?rest_route=%2Fwp%2Fv2%2Fcomments&post=1578"}],"version-history":[{"count":1,"href":"https:\/\/cumplicidade.noblogs.org\/index.php?rest_route=\/wp\/v2\/pages\/1578\/revisions"}],"predecessor-version":[{"id":1581,"href":"https:\/\/cumplicidade.noblogs.org\/index.php?rest_route=\/wp\/v2\/pages\/1578\/revisions\/1581"}],"wp:attachment":[{"href":"https:\/\/cumplicidade.noblogs.org\/index.php?rest_route=%2Fwp%2Fv2%2Fmedia&parent=1578"}],"curies":[{"name":"wp","href":"https:\/\/api.w.org\/{rel}","templated":true}]}}